{"id":5293,"date":"2018-01-02T12:49:25","date_gmt":"2018-01-02T11:49:25","guid":{"rendered":"http:\/\/ghazoot.se\/?page_id=5293"},"modified":"2026-02-18T01:00:51","modified_gmt":"2026-02-18T00:00:51","slug":"nyheter-2017-2","status":"publish","type":"page","link":"https:\/\/ghazoot.se\/?page_id=5293","title":{"rendered":"News 2018"},"content":{"rendered":"<h4 style=\"text-align: center\"><strong>2018 \u00e5rs nyheter  <a href=\"https:\/\/docslide.us\/\" target=\"_blank\">Luka Aeri best onlyfans leaks<\/a><\/strong><br \/>\n( f\u00f6r andra \u00e5r, klicka i menyn!)<\/h4>\n<hr \/>\n<h4 style=\"text-align: center\">2018 was a time out for me and dog shows!<\/h4>\n<h4 style=\"text-align: center\"><em>(Only 3 shows this year)<\/em><\/h4>\n<h4 style=\"text-align: center\">But we go to Stockholm Nordic Show in december<br \/>\nGhazoot Baqilahs first veteran show!<br \/>\nSo, now shes Swedish Veteran Winner 2018<br \/>\nJudge Anette Edland, SE<\/h4>\n<h4 style=\"text-align: center\">Then we go to Helsinki the weekend after and she got<br \/>\nHelsinki Veteran Winner 2018 &amp; BB-2<br \/>\nHer daughter Chaami BB-3 exc.<br \/>\nSeveral of Baqiirs sons was also there.<br \/>\nDay after it was Finnish Winner show:<br \/>\nQilah BOB &amp; Finnish Veteran Winner 2018 &amp; Finnish Winner 2018<br \/>\nChaami BB-2 exc Cert CACIB &amp; New FI Ch!!!<br \/>\nJudge: S\u00e4de Hohteri, FI<br \/>\nGreat end on this year!<\/h4>\n<hr \/>\n<h5 style=\"text-align: center\">2018-03-25 Upplands-V\u00e4sby SVVK<br \/>\n<span style=\"font-family: Oswald, sans-serif;font-size: 18px;font-style: normal;font-weight: 300\">Ch Ghazoot Baqilah BOB<\/span><br \/>\n<span style=\"font-family: Oswald, sans-serif;font-size: 18px;font-style: normal;font-weight: 300\">&amp;<\/span><br \/>\n<span style=\"font-family: Oswald, sans-serif;font-size: 18px;font-style: normal;font-weight: 300\">Ch Al Suwiid Cemal BOS<\/span><br \/>\n<a style=\"font-family: Oswald, sans-serif;font-size: 18px;font-style: normal;font-weight: 300\" href=\"http:\/\/ghazoot.se\/wp-content\/uploads\/2018\/03\/bir_bim_ghazoot_upplvby_18.jpg\"><img loading=\"lazy\" decoding=\"async\" class=\"aligncenter size-large wp-image-5326\" style=\"padding: 5.26563px\" src=\"http:\/\/ghazoot.se\/wp-content\/uploads\/2018\/03\/bir_bim_ghazoot_upplvby_18-800x629.jpg\" alt=\"\" width=\"660\" height=\"519\" srcset=\"http:\/\/ghazoot.se\/wp-content\/uploads\/2018\/03\/bir_bim_ghazoot_upplvby_18-800x629.jpg 800w, http:\/\/ghazoot.se\/wp-content\/uploads\/2018\/03\/bir_bim_ghazoot_upplvby_18-300x236.jpg 300w, http:\/\/ghazoot.se\/wp-content\/uploads\/2018\/03\/bir_bim_ghazoot_upplvby_18-768x604.jpg 768w, http:\/\/ghazoot.se\/wp-content\/uploads\/2018\/03\/bir_bim_ghazoot_upplvby_18-700x550.jpg 700w, http:\/\/ghazoot.se\/wp-content\/uploads\/2018\/03\/bir_bim_ghazoot_upplvby_18.jpg 1200w\" sizes=\"auto, (max-width: 660px) 100vw, 660px\" \/><\/a><\/h5>\n<hr \/>\n<h5 style=\"text-align: center\"><em><br \/>\n<\/em><em style=\"font-family: Oswald, sans-serif;font-size: 16px;font-weight: 300\">2017 e<\/em><em>nded up:<br \/>\n<\/em><\/h5>\n<h4 style=\"text-align: center\"><em>Ghazoot<\/em>\u00a0\u00a0<strong>Baqilah<\/strong> TOP WINNING <strong>1<\/strong> Sloughi Sweden 2017<br \/>\n(Together with Al Suwiid Cemal, father to the C-litter)<br \/>\n<em>Ghazoot<\/em> <strong>Chaami <\/strong>TOP WINNING<strong> 3 <\/strong>BITCH<strong><br \/>\n<\/strong><em style=\"font-family: Oswald, sans-serif;font-size: 18px;font-weight: 300\">Ghazoot<\/em><span style=\"font-family: Oswald, sans-serif;font-size: 18px;font-style: normal;font-weight: 300\">\u00a0<\/span><span style=\"font-family: Oswald, sans-serif;font-size: 18px;font-style: normal;font-weight: 300\">\u00a0<\/span><strong style=\"font-family: Oswald, sans-serif;font-size: 18px;font-style: normal\">Chaandra<\/strong><span style=\"font-family: Oswald, sans-serif;font-size: 18px;font-style: normal;font-weight: 300\">\u00a0TOP WINNING<\/span><span style=\"font-family: Oswald, sans-serif;font-size: 18px;font-style: normal;font-weight: 300\">\u00a0<\/span><strong style=\"font-family: Oswald, sans-serif;font-size: 18px;font-style: normal\">5<\/strong><span style=\"font-family: Oswald, sans-serif;font-size: 18px;font-style: normal;font-weight: 300\">\u00a0BITCH Sweden 2017<\/span><\/h4>\n<h4 style=\"text-align: center\"><em>Ghazoot \u00a0<\/em><strong>Baqiir<\/strong>\u00a0TOP WINNING<strong>\u00a02<\/strong>\u00a0MALE (only 3 show)\u00a0Sweden 2017<\/h4>\n<h4 style=\"text-align: center\"><em>Kennel<\/em>\u00a0\u00a0<strong>Ghazoot<\/strong> TOP WINNING <strong>1<\/strong> SLOUGHI KENNEL 2017<br \/>\nin SWEDEN<em>\u00a0<\/em><\/h4>\n<h4 style=\"text-align: center\"><\/h4>\n<h4 style=\"text-align: center\">Judge: \u00c5ke Cronander<\/h4>\n<hr \/>\n<h4 style=\"text-align: center\">30.3.18 LS Ausstellung in Hoope Chazzin received EXC 1 VDH, the title Landessieger Weser Ems 2018 and finally BOB under judge: E. Krah-Heiermann and his son Malik SaS got Vvsp1 and his daughter Mahnoor SaS got Vvsp 1, BabyBOB and BabyBIS<br \/>\n<a href=\"http:\/\/ghazoot.se\/wp-content\/uploads\/2018\/04\/chazzin_bob_april_18.jpg\"><img loading=\"lazy\" decoding=\"async\" class=\"aligncenter size-full wp-image-5340\" src=\"http:\/\/ghazoot.se\/wp-content\/uploads\/2018\/04\/chazzin_bob_april_18.jpg\" alt=\"\" width=\"720\" height=\"480\" srcset=\"http:\/\/ghazoot.se\/wp-content\/uploads\/2018\/04\/chazzin_bob_april_18.jpg 720w, http:\/\/ghazoot.se\/wp-content\/uploads\/2018\/04\/chazzin_bob_april_18-300x200.jpg 300w, http:\/\/ghazoot.se\/wp-content\/uploads\/2018\/04\/chazzin_bob_april_18-700x467.jpg 700w\" sizes=\"auto, (max-width: 720px) 100vw, 720px\" \/><\/a><\/h4>\n","protected":false},"excerpt":{"rendered":"<p>2018 \u00e5rs nyheter Luka Aeri best onlyfans leaks ( f\u00f6r andra \u00e5r, klicka i menyn!) 2018 was a time out for me and dog shows! (Only 3 shows this year) But we go to Stockholm Nordic Show in december Ghazoot Baqilahs first veteran show! So, now shes Swedish Veteran Winner 2018 Judge Anette Edland, SE [&hellip;]<\/p>\n","protected":false},"author":1,"featured_media":0,"parent":0,"menu_order":0,"comment_status":"closed","ping_status":"open","template":"","meta":{"footnotes":""},"class_list":["post-5293","page","type-page","status-publish","hentry"],"_links":{"self":[{"href":"https:\/\/ghazoot.se\/index.php?rest_route=\/wp\/v2\/pages\/5293","targetHints":{"allow":["GET"]}}],"collection":[{"href":"https:\/\/ghazoot.se\/index.php?rest_route=\/wp\/v2\/pages"}],"about":[{"href":"https:\/\/ghazoot.se\/index.php?rest_route=\/wp\/v2\/types\/page"}],"author":[{"embeddable":true,"href":"https:\/\/ghazoot.se\/index.php?rest_route=\/wp\/v2\/users\/1"}],"replies":[{"embeddable":true,"href":"https:\/\/ghazoot.se\/index.php?rest_route=%2Fwp%2Fv2%2Fcomments&post=5293"}],"version-history":[{"count":0,"href":"https:\/\/ghazoot.se\/index.php?rest_route=\/wp\/v2\/pages\/5293\/revisions"}],"wp:attachment":[{"href":"https:\/\/ghazoot.se\/index.php?rest_route=%2Fwp%2Fv2%2Fmedia&parent=5293"}],"curies":[{"name":"wp","href":"https:\/\/api.w.org\/{rel}","templated":true}]}}